{"id":219,"date":"2024-09-23T11:39:43","date_gmt":"2024-09-23T14:39:43","guid":{"rendered":"https:\/\/www.marabutintas.com.br\/blog\/?page_id=219"},"modified":"2024-11-01T14:12:16","modified_gmt":"2024-11-01T17:12:16","slug":"cadastro-de-clientes","status":"publish","type":"page","link":"https:\/\/www.marabutintas.com.br\/blog\/index.php\/cadastro-de-clientes\/","title":{"rendered":"Cadastro de Clientes"},"content":{"rendered":"\t\t<div data-elementor-type=\"wp-page\" data-elementor-id=\"219\" class=\"elementor elementor-219\" data-elementor-post-type=\"page\">\n\t\t\t\t<div class=\"elementor-element elementor-element-2b17872 e-con-full e-flex e-con e-parent\" data-id=\"2b17872\" data-element_type=\"container\" data-settings=\"{&quot;background_background&quot;:&quot;classic&quot;}\">\n\t\t<div class=\"elementor-element elementor-element-72da2d5 e-flex e-con-boxed e-con e-child\" data-id=\"72da2d5\" data-element_type=\"container\">\n\t\t\t\t\t<div class=\"e-con-inner\">\n\t\t\t\t\t<\/div>\n\t\t\t\t<\/div>\n\t\t<div class=\"elementor-element elementor-element-690c12d elementor-hidden-mobile e-flex e-con-boxed e-con e-child\" data-id=\"690c12d\" data-element_type=\"container\">\n\t\t\t\t\t<div class=\"e-con-inner\">\n\t\t\t\t\t<\/div>\n\t\t\t\t<\/div>\n\t\t\t\t<\/div>\n\t\t<div class=\"elementor-element elementor-element-16f0b59 e-flex e-con-boxed e-con e-parent\" data-id=\"16f0b59\" data-element_type=\"container\">\n\t\t\t\t\t<div class=\"e-con-inner\">\n\t\t<div class=\"elementor-element elementor-element-ebc335b e-con-full e-flex e-con e-child\" data-id=\"ebc335b\" data-element_type=\"container\">\n\t\t\t\t<div class=\"elementor-element elementor-element-6264443 elementor-widget__width-initial elementor-widget elementor-widget-heading\" data-id=\"6264443\" data-element_type=\"widget\" data-widget_type=\"heading.default\">\n\t\t\t\t<div class=\"elementor-widget-container\">\n\t\t\t<h2 class=\"elementor-heading-title elementor-size-default\">Cadastro de Clientes para Revendas Parceiras Marabu<\/h2>\t\t<\/div>\n\t\t\t\t<\/div>\n\t\t\t\t<div class=\"elementor-element elementor-element-9adaa74 elementor-widget__width-initial elementor-widget elementor-widget-text-editor\" data-id=\"9adaa74\" data-element_type=\"widget\" data-widget_type=\"text-editor.default\">\n\t\t\t\t<div class=\"elementor-widget-container\">\n\t\t\t\t\t\t\t<p>Mantenha os dados de seus clientes sempre atualizados para garantir suporte t\u00e9cnico eficiente e personalizado. Este formul\u00e1rio \u00e9 uma solu\u00e7\u00e3o tempor\u00e1ria enquanto o sistema Compass est\u00e1 em manuten\u00e7\u00e3o. Preencha os campos abaixo para registrar as informa\u00e7\u00f5es essenciais de seus clientes e nos ajudar a continuar oferecendo o melhor atendimento poss\u00edvel.<\/p>\t\t\t\t\t\t<\/div>\n\t\t\t\t<\/div>\n\t\t\t\t<\/div>\n\t\t\t\t\t<\/div>\n\t\t\t\t<\/div>\n\t\t<div class=\"elementor-element elementor-element-503e134 e-con-full e-flex e-con e-parent\" data-id=\"503e134\" data-element_type=\"container\" data-settings=\"{&quot;background_background&quot;:&quot;classic&quot;}\">\n\t\t<div class=\"elementor-element elementor-element-94bf08c e-flex e-con-boxed e-con e-child\" data-id=\"94bf08c\" data-element_type=\"container\">\n\t\t\t\t\t<div class=\"e-con-inner\">\n\t\t\t\t<div class=\"elementor-element elementor-element-a38c518 elementor-widget elementor-widget-heading\" data-id=\"a38c518\" data-element_type=\"widget\" data-widget_type=\"heading.default\">\n\t\t\t\t<div class=\"elementor-widget-container\">\n\t\t\t<h2 class=\"elementor-heading-title elementor-size-default\">Formul\u00e1rio de Cadastro<\/h2>\t\t<\/div>\n\t\t\t\t<\/div>\n\t\t\t\t<div class=\"elementor-element elementor-element-57c3b43 elementor-widget elementor-widget-text-editor\" data-id=\"57c3b43\" data-element_type=\"widget\" data-widget_type=\"text-editor.default\">\n\t\t\t\t<div class=\"elementor-widget-container\">\n\t\t\t\t\t\t\t<p>Suas informa\u00e7\u00f5es ser\u00e3o mantidas em sigilo e usadas apenas para os fins deste formul\u00e1rio.<\/p>\t\t\t\t\t\t<\/div>\n\t\t\t\t<\/div>\n\t\t\t\t<div class=\"elementor-element elementor-element-74d1af9 elementor-button-align-center elementor-widget__width-initial elementor-widget elementor-widget-form\" data-id=\"74d1af9\" data-element_type=\"widget\" data-settings=\"{&quot;step_next_label&quot;:&quot;Pr\\u00f3ximo&quot;,&quot;step_previous_label&quot;:&quot;Anterior&quot;,&quot;button_width&quot;:&quot;100&quot;,&quot;step_type&quot;:&quot;number_text&quot;,&quot;step_icon_shape&quot;:&quot;circle&quot;}\" data-widget_type=\"form.default\">\n\t\t\t\t<div class=\"elementor-widget-container\">\n\t\t\t\t\t<form class=\"elementor-form\" method=\"post\" name=\"Novo formul\u00e1rio\">\n\t\t\t<input type=\"hidden\" name=\"post_id\" value=\"219\"\/>\n\t\t\t<input type=\"hidden\" name=\"form_id\" value=\"74d1af9\"\/>\n\t\t\t<input type=\"hidden\" name=\"referer_title\" value=\"Landing Page Marabu\" \/>\n\n\t\t\t\n\t\t\t<div class=\"elementor-form-fields-wrapper elementor-labels-above\">\n\t\t\t\t\t\t\t\t<div class=\"elementor-field-type-text elementor-field-group elementor-column elementor-field-group-name elementor-col-50\">\n\t\t\t\t\t\t\t\t\t\t\t\t<label for=\"form-field-name\" class=\"elementor-field-label\">\n\t\t\t\t\t\t\t\tNome da revenda que cadastrou:\t\t\t\t\t\t\t<\/label>\n\t\t\t\t\t\t\t\t\t\t\t\t\t\t<input size=\"1\" type=\"text\" name=\"form_fields[name]\" id=\"form-field-name\" class=\"elementor-field elementor-size-sm  elementor-field-textual\">\n\t\t\t\t\t\t\t\t\t\t\t<\/div>\n\t\t\t\t\t\t\t\t<div class=\"elementor-field-type-text elementor-field-group elementor-column elementor-field-group-field_3fa7afe elementor-col-50\">\n\t\t\t\t\t\t\t\t\t\t\t\t<label for=\"form-field-field_3fa7afe\" class=\"elementor-field-label\">\n\t\t\t\t\t\t\t\tCNPJ:\t\t\t\t\t\t\t<\/label>\n\t\t\t\t\t\t\t\t\t\t\t\t\t\t<input size=\"1\" type=\"text\" name=\"form_fields[field_3fa7afe]\" id=\"form-field-field_3fa7afe\" class=\"elementor-field elementor-size-sm  elementor-field-textual\">\n\t\t\t\t\t\t\t\t\t\t\t<\/div>\n\t\t\t\t\t\t\t\t<div class=\"elementor-field-type-text elementor-field-group elementor-column elementor-field-group-field_12f628a elementor-col-50\">\n\t\t\t\t\t\t\t\t\t\t\t\t<label for=\"form-field-field_12f628a\" class=\"elementor-field-label\">\n\t\t\t\t\t\t\t\tNome do Contato:\t\t\t\t\t\t\t<\/label>\n\t\t\t\t\t\t\t\t\t\t\t\t\t\t<input size=\"1\" type=\"text\" name=\"form_fields[field_12f628a]\" id=\"form-field-field_12f628a\" class=\"elementor-field elementor-size-sm  elementor-field-textual\">\n\t\t\t\t\t\t\t\t\t\t\t<\/div>\n\t\t\t\t\t\t\t\t<div class=\"elementor-field-type-email elementor-field-group elementor-column elementor-field-group-email elementor-col-50 elementor-field-required\">\n\t\t\t\t\t\t\t\t\t\t\t\t<label for=\"form-field-email\" class=\"elementor-field-label\">\n\t\t\t\t\t\t\t\tE-mail:\t\t\t\t\t\t\t<\/label>\n\t\t\t\t\t\t\t\t\t\t\t\t\t\t<input size=\"1\" type=\"email\" name=\"form_fields[email]\" id=\"form-field-email\" class=\"elementor-field elementor-size-sm  elementor-field-textual\" required=\"required\" aria-required=\"true\">\n\t\t\t\t\t\t\t\t\t\t\t<\/div>\n\t\t\t\t\t\t\t\t<div class=\"elementor-field-type-tel elementor-field-group elementor-column elementor-field-group-field_4a484cc elementor-col-50 elementor-field-required\">\n\t\t\t\t\t\t\t\t\t\t\t\t<label for=\"form-field-field_4a484cc\" class=\"elementor-field-label\">\n\t\t\t\t\t\t\t\tTelefone:\t\t\t\t\t\t\t<\/label>\n\t\t\t\t\t\t\t\t<input size=\"1\" type=\"tel\" name=\"form_fields[field_4a484cc]\" id=\"form-field-field_4a484cc\" class=\"elementor-field elementor-size-sm  elementor-field-textual\" required=\"required\" aria-required=\"true\" pattern=\"[0-9()#&amp;+*-=.]+\" title=\"Apenas n\u00fameros e caracteres de telefone (#, -, *, etc.) s\u00e3o aceitos.\">\n\n\t\t\t\t\t\t<\/div>\n\t\t\t\t\t\t\t\t<div class=\"elementor-field-type-text elementor-field-group elementor-column elementor-field-group-field_a4fb57f elementor-col-50 elementor-field-required\">\n\t\t\t\t\t\t\t\t\t\t\t\t<label for=\"form-field-field_a4fb57f\" class=\"elementor-field-label\">\n\t\t\t\t\t\t\t\tModelo da tinta (usada ou a oferecer):\t\t\t\t\t\t\t<\/label>\n\t\t\t\t\t\t\t\t\t\t\t\t\t\t<input size=\"1\" type=\"text\" name=\"form_fields[field_a4fb57f]\" id=\"form-field-field_a4fb57f\" class=\"elementor-field elementor-size-sm  elementor-field-textual\" required=\"required\" aria-required=\"true\">\n\t\t\t\t\t\t\t\t\t\t\t<\/div>\n\t\t\t\t\t\t\t\t<div class=\"elementor-field-group elementor-column elementor-field-type-submit elementor-col-100 e-form__buttons\">\n\t\t\t\t\t<button class=\"elementor-button elementor-size-sm elementor-animation-shrink\" type=\"submit\">\n\t\t\t\t\t\t<span class=\"elementor-button-content-wrapper\">\n\t\t\t\t\t\t\t\t\t\t\t\t\t\t\t\t\t\t\t\t\t\t<span class=\"elementor-button-text\">Enviar Cadastro<\/span>\n\t\t\t\t\t\t\t\t\t\t\t\t\t<\/span>\n\t\t\t\t\t<\/button>\n\t\t\t\t<\/div>\n\t\t\t<\/div>\n\t\t<\/form>\n\t\t\t\t<\/div>\n\t\t\t\t<\/div>\n\t\t\t\t\t<\/div>\n\t\t\t\t<\/div>\n\t\t\t\t<\/div>\n\t\t<div class=\"elementor-element elementor-element-03876a6 e-flex e-con-boxed e-con e-parent\" data-id=\"03876a6\" data-element_type=\"container\" data-settings=\"{&quot;background_background&quot;:&quot;classic&quot;}\">\n\t\t\t\t\t<div class=\"e-con-inner\">\n\t\t\t\t<div class=\"elementor-element elementor-element-c4ebfd4 elementor-widget elementor-widget-text-editor\" data-id=\"c4ebfd4\" data-element_type=\"widget\" data-widget_type=\"text-editor.default\">\n\t\t\t\t<div class=\"elementor-widget-container\">\n\t\t\t\t\t\t\t<p>MARABU DO BRASIL IMPORTACAO E EXPORTACAO DE TINTAS LTDA. &#8211; 05.760.953\/0001-71<\/p>\t\t\t\t\t\t<\/div>\n\t\t\t\t<\/div>\n\t\t\t\t\t<\/div>\n\t\t\t\t<\/div>\n\t\t\t\t<\/div>\n\t\t","protected":false},"excerpt":{"rendered":"<p>Cadastro de Clientes para Revendas Parceiras Marabu Mantenha os dados de seus clientes sempre atualizados para garantir suporte t\u00e9cnico eficiente e personalizado. Este formul\u00e1rio \u00e9 uma solu\u00e7\u00e3o tempor\u00e1ria enquanto o sistema Compass est\u00e1 em manuten\u00e7\u00e3o. Preencha os campos abaixo para registrar as informa\u00e7\u00f5es essenciais de seus clientes e nos ajudar a continuar oferecendo o melhor [&hellip;]<\/p>\n","protected":false},"author":1,"featured_media":0,"parent":0,"menu_order":0,"comment_status":"closed","ping_status":"closed","template":"elementor_canvas","meta":{"_joinchat":[],"footnotes":""},"class_list":["post-219","page","type-page","status-publish","hentry"],"yoast_head":"<!-- This site is optimized with the Yoast SEO plugin v23.7 - https:\/\/yoast.com\/wordpress\/plugins\/seo\/ -->\n<title>Cadastro de Clientes - Landing Page Marabu<\/title>\n<meta name=\"robots\" content=\"index, follow, max-snippet:-1, max-image-preview:large, max-video-preview:-1\" \/>\n<link rel=\"canonical\" href=\"https:\/\/www.marabutintas.com.br\/blog\/index.php\/cadastro-de-clientes\/\" \/>\n<meta property=\"og:locale\" content=\"pt_BR\" \/>\n<meta property=\"og:type\" content=\"article\" \/>\n<meta property=\"og:title\" content=\"Cadastro de Clientes - Landing Page Marabu\" \/>\n<meta property=\"og:description\" content=\"Cadastro de Clientes para Revendas Parceiras Marabu Mantenha os dados de seus clientes sempre atualizados para garantir suporte t\u00e9cnico eficiente e personalizado. Este formul\u00e1rio \u00e9 uma solu\u00e7\u00e3o tempor\u00e1ria enquanto o sistema Compass est\u00e1 em manuten\u00e7\u00e3o. Preencha os campos abaixo para registrar as informa\u00e7\u00f5es essenciais de seus clientes e nos ajudar a continuar oferecendo o melhor [&hellip;]\" \/>\n<meta property=\"og:url\" content=\"https:\/\/www.marabutintas.com.br\/blog\/index.php\/cadastro-de-clientes\/\" \/>\n<meta property=\"og:site_name\" content=\"Landing Page Marabu\" \/>\n<meta property=\"article:modified_time\" content=\"2024-11-01T17:12:16+00:00\" \/>\n<meta name=\"twitter:card\" content=\"summary_large_image\" \/>\n<meta name=\"twitter:label1\" content=\"Est. tempo de leitura\" \/>\n\t<meta name=\"twitter:data1\" content=\"1 minuto\" \/>\n<script type=\"application\/ld+json\" class=\"yoast-schema-graph\">{\"@context\":\"https:\/\/schema.org\",\"@graph\":[{\"@type\":\"WebPage\",\"@id\":\"https:\/\/www.marabutintas.com.br\/blog\/index.php\/cadastro-de-clientes\/\",\"url\":\"https:\/\/www.marabutintas.com.br\/blog\/index.php\/cadastro-de-clientes\/\",\"name\":\"Cadastro de Clientes - Landing Page Marabu\",\"isPartOf\":{\"@id\":\"https:\/\/www.marabutintas.com.br\/blog\/#website\"},\"datePublished\":\"2024-09-23T14:39:43+00:00\",\"dateModified\":\"2024-11-01T17:12:16+00:00\",\"breadcrumb\":{\"@id\":\"https:\/\/www.marabutintas.com.br\/blog\/index.php\/cadastro-de-clientes\/#breadcrumb\"},\"inLanguage\":\"pt-BR\",\"potentialAction\":[{\"@type\":\"ReadAction\",\"target\":[\"https:\/\/www.marabutintas.com.br\/blog\/index.php\/cadastro-de-clientes\/\"]}]},{\"@type\":\"BreadcrumbList\",\"@id\":\"https:\/\/www.marabutintas.com.br\/blog\/index.php\/cadastro-de-clientes\/#breadcrumb\",\"itemListElement\":[{\"@type\":\"ListItem\",\"position\":1,\"name\":\"In\u00edcio\",\"item\":\"https:\/\/www.marabutintas.com.br\/blog\/\"},{\"@type\":\"ListItem\",\"position\":2,\"name\":\"Cadastro de Clientes\"}]},{\"@type\":\"WebSite\",\"@id\":\"https:\/\/www.marabutintas.com.br\/blog\/#website\",\"url\":\"https:\/\/www.marabutintas.com.br\/blog\/\",\"name\":\"Landing Page Marabu\",\"description\":\"\",\"potentialAction\":[{\"@type\":\"SearchAction\",\"target\":{\"@type\":\"EntryPoint\",\"urlTemplate\":\"https:\/\/www.marabutintas.com.br\/blog\/?s={search_term_string}\"},\"query-input\":{\"@type\":\"PropertyValueSpecification\",\"valueRequired\":true,\"valueName\":\"search_term_string\"}}],\"inLanguage\":\"pt-BR\"}]}<\/script>\n<!-- \/ Yoast SEO plugin. -->","yoast_head_json":{"title":"Cadastro de Clientes - Landing Page Marabu","robots":{"index":"index","follow":"follow","max-snippet":"max-snippet:-1","max-image-preview":"max-image-preview:large","max-video-preview":"max-video-preview:-1"},"canonical":"https:\/\/www.marabutintas.com.br\/blog\/index.php\/cadastro-de-clientes\/","og_locale":"pt_BR","og_type":"article","og_title":"Cadastro de Clientes - Landing Page Marabu","og_description":"Cadastro de Clientes para Revendas Parceiras Marabu Mantenha os dados de seus clientes sempre atualizados para garantir suporte t\u00e9cnico eficiente e personalizado. Este formul\u00e1rio \u00e9 uma solu\u00e7\u00e3o tempor\u00e1ria enquanto o sistema Compass est\u00e1 em manuten\u00e7\u00e3o. Preencha os campos abaixo para registrar as informa\u00e7\u00f5es essenciais de seus clientes e nos ajudar a continuar oferecendo o melhor [&hellip;]","og_url":"https:\/\/www.marabutintas.com.br\/blog\/index.php\/cadastro-de-clientes\/","og_site_name":"Landing Page Marabu","article_modified_time":"2024-11-01T17:12:16+00:00","twitter_card":"summary_large_image","twitter_misc":{"Est. tempo de leitura":"1 minuto"},"schema":{"@context":"https:\/\/schema.org","@graph":[{"@type":"WebPage","@id":"https:\/\/www.marabutintas.com.br\/blog\/index.php\/cadastro-de-clientes\/","url":"https:\/\/www.marabutintas.com.br\/blog\/index.php\/cadastro-de-clientes\/","name":"Cadastro de Clientes - Landing Page Marabu","isPartOf":{"@id":"https:\/\/www.marabutintas.com.br\/blog\/#website"},"datePublished":"2024-09-23T14:39:43+00:00","dateModified":"2024-11-01T17:12:16+00:00","breadcrumb":{"@id":"https:\/\/www.marabutintas.com.br\/blog\/index.php\/cadastro-de-clientes\/#breadcrumb"},"inLanguage":"pt-BR","potentialAction":[{"@type":"ReadAction","target":["https:\/\/www.marabutintas.com.br\/blog\/index.php\/cadastro-de-clientes\/"]}]},{"@type":"BreadcrumbList","@id":"https:\/\/www.marabutintas.com.br\/blog\/index.php\/cadastro-de-clientes\/#breadcrumb","itemListElement":[{"@type":"ListItem","position":1,"name":"In\u00edcio","item":"https:\/\/www.marabutintas.com.br\/blog\/"},{"@type":"ListItem","position":2,"name":"Cadastro de Clientes"}]},{"@type":"WebSite","@id":"https:\/\/www.marabutintas.com.br\/blog\/#website","url":"https:\/\/www.marabutintas.com.br\/blog\/","name":"Landing Page Marabu","description":"","potentialAction":[{"@type":"SearchAction","target":{"@type":"EntryPoint","urlTemplate":"https:\/\/www.marabutintas.com.br\/blog\/?s={search_term_string}"},"query-input":{"@type":"PropertyValueSpecification","valueRequired":true,"valueName":"search_term_string"}}],"inLanguage":"pt-BR"}]}},"_links":{"self":[{"href":"https:\/\/www.marabutintas.com.br\/blog\/index.php\/wp-json\/wp\/v2\/pages\/219"}],"collection":[{"href":"https:\/\/www.marabutintas.com.br\/blog\/index.php\/wp-json\/wp\/v2\/pages"}],"about":[{"href":"https:\/\/www.marabutintas.com.br\/blog\/index.php\/wp-json\/wp\/v2\/types\/page"}],"author":[{"embeddable":true,"href":"https:\/\/www.marabutintas.com.br\/blog\/index.php\/wp-json\/wp\/v2\/users\/1"}],"replies":[{"embeddable":true,"href":"https:\/\/www.marabutintas.com.br\/blog\/index.php\/wp-json\/wp\/v2\/comments?post=219"}],"version-history":[{"count":29,"href":"https:\/\/www.marabutintas.com.br\/blog\/index.php\/wp-json\/wp\/v2\/pages\/219\/revisions"}],"predecessor-version":[{"id":284,"href":"https:\/\/www.marabutintas.com.br\/blog\/index.php\/wp-json\/wp\/v2\/pages\/219\/revisions\/284"}],"wp:attachment":[{"href":"https:\/\/www.marabutintas.com.br\/blog\/index.php\/wp-json\/wp\/v2\/media?parent=219"}],"curies":[{"name":"wp","href":"https:\/\/api.w.org\/{rel}","templated":true}]}}